{"id":3393,"date":"2014-12-11T13:48:36","date_gmt":"2014-12-11T13:48:36","guid":{"rendered":"https:\/\/undsgn.com\/uncode\/?page_id=3393"},"modified":"2023-04-13T17:01:38","modified_gmt":"2023-04-13T17:01:38","slug":"nectar-stands-against-cancer","status":"publish","type":"page","link":"https:\/\/nectardesign.dev\/fr\/nectar-stands-against-cancer\/","title":{"rendered":"<p>Nectar Stands Against Cancer | Supporting the Cause<\/p>"},"content":{"rendered":"<div class=\"wpb-content-wrapper\"><div data-parent=\"true\" class=\"vc_row style-color-nhtu-bg row-container\" id=\"row-unique-0\"><div class=\"row unequal no-top-padding no-bottom-padding no-h-padding full-width row-parent\" data-height-ratio=\"full\"><div class=\"wpb_row row-inner\"><div class=\"wpb_column pos-top pos-center align_left column_parent col-lg-12 single-internal-gutter\"><div class=\"uncol style-dark unexpand\"><div class=\"uncoltable\"><div class=\"uncell no-block-padding\"><div class=\"uncont\"><div class=\"vc_row row-internal row-container\"><div class=\"row unequal col-no-gutter row-child\"><div class=\"wpb_row row-inner\"><div class=\"wpb_column pos-top pos-center align_left column_child col-lg-6 single-internal-gutter\"><div class=\"uncol style-light unexpand\"><div class=\"uncoltable\" style=\"min-height: 300px;\"><div class=\"uncell single-block-padding\"><div class=\"column-background background-element\">\n\t\t\t\t\t\t\t\t\t\t\t<div class=\"background-wrapper\">\n\t\t\t\t\t\t\t\t\t\t\t\t<div class=\"background-inner\" style=\"background-image: url(https:\/\/nectardesign.dev\/wp-content\/uploads\/2023\/03\/Nectar_Stands_Against_Cancer_2.png);background-repeat: no-repeat;background-position: center center;background-size: cover;\" data-o_src=\"https:\/\/nectardesign.dev\/wp-content\/uploads\/2023\/03\/Nectar_Stands_Against_Cancer_2.png\"><\/div>\n\t\t\t\t\t\t\t\t\t\t\t\t\n\t\t\t\t\t\t\t\t\t\t\t<\/div>\n\t\t\t\t\t\t\t\t\t\t<\/div><div class=\"uncont\"><\/div><\/div><\/div><\/div><\/div><div class=\"wpb_column pos-middle pos-center align_left column_child col-lg-6 single-internal-gutter\"><div class=\"uncol style-dark font-136269\"><div class=\"uncoltable\"><div class=\"uncell double-block-padding\"><div class=\"uncont\" style=\"max-width:65%;\"><div class=\"vc_custom_heading_wrap\"><div class=\"heading-text el-text\"><h1 class=\"\"><span>Nectar se mobilise contre le cancer<\/span><\/h1><\/div><div class=\"clear\"><\/div><\/div><div class=\"uncode_text_column text-lead\"><p>En m\u00e9moire affectueuse de ceux qui ont courageusement combattu le cancer, comme ma petite s\u0153ur, nous lan\u00e7ons fi\u00e8rement notre collecte de fonds contre le cancer dans le cadre de notre responsabilit\u00e9 sociale d'entreprise. Nous vous invitons \u00e0 vous joindre \u00e0 notre mission pour faire une diff\u00e9rence pour ceux qui sont touch\u00e9s par cette maladie, en soutenant la recherche cruciale et en aidant les familles dans le besoin.<\/p>\n<p>Together, let&rsquo;s honor the memories of the departed and inspire hope for those still fighting. Stand with us in our battle against cancer today.<\/p>\n<p>Rudy Tassy<br>\nDirecteur G\u00e9n\u00e9ral | Nectar<\/p>\n<\/div><div class=\"uncode-single-media  text-left\"><div class=\"single-wrapper\" style=\"max-width: 250px;\"><div class=\"tmb tmb-light  tmb-media-first tmb-media-last tmb-content-overlay tmb-no-bg\"><div class=\"t-inside\"><div class=\"t-entry-visual\"><div class=\"t-entry-visual-tc\"><div class=\"uncode-single-media-wrapper\"><img decoding=\"async\" class=\"wp-image-88880\" src=\"https:\/\/nectardesign.dev\/wp-content\/uploads\/2022\/09\/signature-compressed.png\" width=\"1024\" height=\"527\" alt=\"\" srcset=\"https:\/\/nectardesign.dev\/wp-content\/uploads\/2022\/09\/signature-compressed.png 1024w, https:\/\/nectardesign.dev\/wp-content\/uploads\/2022\/09\/signature-compressed-600x309.png 600w\" sizes=\"(max-width: 1024px) 100vw, 1024px\"><\/div>\n\t\t\t\t\t<\/div>\n\t\t\t\t<\/div><\/div><\/div><\/div><\/div><span class=\"btn-container\"><a href=\"https:\/\/fundraisemyway.cancer.ca\/campaign\/nectar\" class=\"custom-link btn btn-lg border-width-0 btn-accent btn-round btn-flat btn-icon-left\" target=\"_blank\">Faire un don maintenant<\/a><\/span><\/div><\/div><\/div><\/div><\/div><\/div><\/div><\/div><\/div><\/div><\/div><\/div><\/div><script id=\"script-row-unique-0\" data-row=\"script-row-unique-0\" type=\"text\/javascript\" class=\"vc_controls\">UNCODE.initRow(document.getElementById(\"row-unique-0\"));<\/script><\/div><\/div><\/div>\n<\/div>","protected":false},"excerpt":{"rendered":"<p>Nectar Stands Against CancerIn loving memory of those who bravely fought cancer, like my little sister, we proudly launch our [...]<\/p>","protected":false},"author":1,"featured_media":0,"parent":0,"menu_order":0,"comment_status":"closed","ping_status":"closed","template":"","meta":{"content-type":"","footnotes":""},"class_list":["post-3393","page","type-page","status-publish","hentry"],"aioseo_notices":[],"_links":{"self":[{"href":"https:\/\/nectardesign.dev\/fr\/wp-json\/wp\/v2\/pages\/3393"}],"collection":[{"href":"https:\/\/nectardesign.dev\/fr\/wp-json\/wp\/v2\/pages"}],"about":[{"href":"https:\/\/nectardesign.dev\/fr\/wp-json\/wp\/v2\/types\/page"}],"author":[{"embeddable":true,"href":"https:\/\/nectardesign.dev\/fr\/wp-json\/wp\/v2\/users\/1"}],"replies":[{"embeddable":true,"href":"https:\/\/nectardesign.dev\/fr\/wp-json\/wp\/v2\/comments?post=3393"}],"version-history":[{"count":11,"href":"https:\/\/nectardesign.dev\/fr\/wp-json\/wp\/v2\/pages\/3393\/revisions"}],"predecessor-version":[{"id":120092,"href":"https:\/\/nectardesign.dev\/fr\/wp-json\/wp\/v2\/pages\/3393\/revisions\/120092"}],"wp:attachment":[{"href":"https:\/\/nectardesign.dev\/fr\/wp-json\/wp\/v2\/media?parent=3393"}],"curies":[{"name":"wp","href":"https:\/\/api.w.org\/{rel}","templated":true}]}}