{"id":22170,"date":"2015-06-11T16:02:34","date_gmt":"2015-06-11T16:02:34","guid":{"rendered":"https:\/\/undsgn.com\/uncode\/?page_id=22170"},"modified":"2023-03-24T21:18:06","modified_gmt":"2023-03-24T21:18:06","slug":"maintenance-mode-404","status":"publish","type":"page","link":"https:\/\/nectardesign.dev\/fr\/maintenance-mode-404\/","title":{"rendered":"<p>Maintenance Mode-404<\/p>"},"content":{"rendered":"<div class=\"wpb-content-wrapper\"><div data-parent=\"true\" class=\"vc_row style-color-jevc-bg row-container\" id=\"row-unique-0\"><div class=\"row unequal no-top-padding no-bottom-padding no-h-padding full-width row-parent\" data-height-ratio=\"full\"><div class=\"wpb_row row-inner\"><div class=\"wpb_column pos-top pos-center align_left column_parent col-lg-12 single-internal-gutter\"><div class=\"uncol style-dark unexpand\"><div class=\"uncoltable\"><div class=\"uncell no-block-padding\"><div class=\"uncont\"><div class=\"vc_row style-color-jevc-bg row-internal row-container\"><div class=\"row unequal col-no-gutter row-child\"><div class=\"wpb_row row-inner\"><div class=\"wpb_column pos-middle pos-center align_left column_child col-lg-6 single-internal-gutter\"><div class=\"uncol style-light\"><div class=\"uncoltable\"><div class=\"uncell double-block-padding style-color-jevc-bg\"><div class=\"uncont\" style=\"max-width:456px;\"><div class=\"vc_custom_heading_wrap\"><div class=\"heading-text el-text\"><h6 class=\"text-accent-color text-uppercase\"><span>we&rsquo;ll be back shortly<\/span><\/h6><\/div><div class=\"clear\"><\/div><\/div><div class=\"vc_custom_heading_wrap 404-sub-heading-color\"><div class=\"heading-text el-text\"><h2 class=\"font-weight-600 text-text_color-126261-color\"><span>Lost in Nectar&rsquo;s Digital Realm &ndash; 404 Error<\/span><\/h2><div class=\"text-lead\"><p>Oups! Vous \u00eates tomb\u00e9 dans le territoire inexplor\u00e9 de l'univers de Nectar. Malheureusement, la page que vous recherchez a \u00e9t\u00e9 enlev\u00e9e par des aliens du design ou elle n'a jamais exist\u00e9.<\/p>\n<p>Pas de soucis! Cliquez sur le lien ci-dessous pour retourner sur notre page d'accueil et explorer l'univers de la cr\u00e9ativit\u00e9 num\u00e9rique.<\/p>\n<\/div><\/div><div class=\"clear\"><\/div><\/div><div class=\"vc_progress_bar wpb_content_element\"><div class=\"vc_progress_label\">\u00c9tat d'avancement<small class=\"vc_label\"> <span class=\"vc_label_units\"><span class=\"vc_progress_value\">90<\/span><span class=\"vc_progress_unit\">%<\/span><\/span><\/small><\/div><div class=\"vc_single_bar\"><span class=\"vc_bar style-accent-bg\" data-percentage-value=\"90\" data-value=\"90\"><\/span><\/div><\/div><span class=\"btn-container\"><a href=\"https:\/\/nectardesign.dev\/fr\/\" class=\"custom-link btn border-width-0 btn-accent btn-circle btn-icon-left\">D\u00e9collage vers l'accueil<\/a><\/span><\/div><\/div><\/div><\/div><\/div><div class=\"wpb_column pos-top pos-center align_left column_child col-lg-6 single-internal-gutter\"><div class=\"uncol style-light unexpand\"><div class=\"uncoltable\" style=\"min-height: 300px;\"><div class=\"uncell single-block-padding style-color-wayh-bg\"><div class=\"column-background background-element\">\n\t\t\t\t\t\t\t\t\t\t\t<div class=\"background-wrapper\">\n\t\t\t\t\t\t\t\t\t\t\t\t<div class=\"background-inner\" style=\"background-image: url(https:\/\/nectardesign.dev\/wp-content\/uploads\/2023\/03\/nectar_404_page.png);background-repeat: no-repeat;background-position: center center;background-size: cover;\" data-o_src=\"https:\/\/nectardesign.dev\/wp-content\/uploads\/2023\/03\/nectar_404_page.png\"><\/div>\n\t\t\t\t\t\t\t\t\t\t\t\t\n\t\t\t\t\t\t\t\t\t\t\t<\/div>\n\t\t\t\t\t\t\t\t\t\t<\/div><div class=\"uncont\"><\/div><\/div><\/div><\/div><\/div><\/div><\/div><\/div><\/div><\/div><\/div><\/div><\/div><script id=\"script-row-unique-0\" data-row=\"script-row-unique-0\" type=\"text\/javascript\" class=\"vc_controls\">UNCODE.initRow(document.getElementById(\"row-unique-0\"));<\/script><\/div><\/div><\/div>\n<\/div>","protected":false},"excerpt":{"rendered":"<p>we'll be back shortlyLost in Nectar's Digital Realm - 404 ErrorOops! You've stumbled into the uncharted territory of Nectar universe. [...]<\/p>","protected":false},"author":1,"featured_media":0,"parent":0,"menu_order":0,"comment_status":"closed","ping_status":"closed","template":"","meta":{"content-type":"","footnotes":""},"class_list":["post-22170","page","type-page","status-publish","hentry"],"aioseo_notices":[],"_links":{"self":[{"href":"https:\/\/nectardesign.dev\/fr\/wp-json\/wp\/v2\/pages\/22170"}],"collection":[{"href":"https:\/\/nectardesign.dev\/fr\/wp-json\/wp\/v2\/pages"}],"about":[{"href":"https:\/\/nectardesign.dev\/fr\/wp-json\/wp\/v2\/types\/page"}],"author":[{"embeddable":true,"href":"https:\/\/nectardesign.dev\/fr\/wp-json\/wp\/v2\/users\/1"}],"replies":[{"embeddable":true,"href":"https:\/\/nectardesign.dev\/fr\/wp-json\/wp\/v2\/comments?post=22170"}],"version-history":[{"count":14,"href":"https:\/\/nectardesign.dev\/fr\/wp-json\/wp\/v2\/pages\/22170\/revisions"}],"predecessor-version":[{"id":119772,"href":"https:\/\/nectardesign.dev\/fr\/wp-json\/wp\/v2\/pages\/22170\/revisions\/119772"}],"wp:attachment":[{"href":"https:\/\/nectardesign.dev\/fr\/wp-json\/wp\/v2\/media?parent=22170"}],"curies":[{"name":"wp","href":"https:\/\/api.w.org\/{rel}","templated":true}]}}